{"id":1515,"date":"2022-10-14T12:51:37","date_gmt":"2022-10-14T10:51:37","guid":{"rendered":"https:\/\/halarokuadvanced.fsv.cvut.cz\/price\/"},"modified":"2025-01-14T11:12:05","modified_gmt":"2025-01-14T10:12:05","slug":"prizes","status":"publish","type":"page","link":"https:\/\/halarokuadvanced.fsv.cvut.cz\/en\/prizes\/","title":{"rendered":"Prizes"},"content":{"rendered":"<div data-elementor-type=\"wp-page\" data-elementor-id=\"1515\" class=\"elementor elementor-1515 elementor-306\" data-elementor-post-type=\"page\">\n\t\t\t\t\t\t<section class=\"elementor-section elementor-top-section elementor-element elementor-element-51de423 elementor-section-height-min-height elementor-section-boxed elementor-section-height-default elementor-section-items-middle\" data-id=\"51de423\" data-element_type=\"section\" data-e-type=\"section\" data-settings=\"{&quot;background_background&quot;:&quot;classic&quot;}\">\n\t\t\t\t\t\t<div class=\"elementor-container elementor-column-gap-wide\">\n\t\t\t\t\t<div class=\"elementor-column elementor-col-100 elementor-top-column elementor-element elementor-element-24e273b\" data-id=\"24e273b\" data-element_type=\"column\" data-e-type=\"column\">\n\t\t\t<div class=\"elementor-widget-wrap\">\n\t\t\t\t\t\t\t<\/div>\n\t\t<\/div>\n\t\t\t\t\t<\/div>\n\t\t<\/section>\n\t\t\t\t<section class=\"elementor-section elementor-top-section elementor-element elementor-element-5e461cc elementor-section-boxed elementor-section-height-default elementor-section-height-default\" data-id=\"5e461cc\" data-element_type=\"section\" data-e-type=\"section\" data-settings=\"{&quot;background_background&quot;:&quot;classic&quot;}\">\n\t\t\t\t\t\t<div class=\"elementor-container elementor-column-gap-default\">\n\t\t\t\t\t<div class=\"elementor-column elementor-col-100 elementor-top-column elementor-element elementor-element-62f28d5\" data-id=\"62f28d5\" data-element_type=\"column\" data-e-type=\"column\">\n\t\t\t<div class=\"elementor-widget-wrap elementor-element-populated\">\n\t\t\t\t\t\t<div class=\"elementor-element elementor-element-f7b2539 elementor-widget__width-auto elementor-widget elementor-widget-html\" data-id=\"f7b2539\" data-element_type=\"widget\" data-e-type=\"widget\" data-widget_type=\"html.default\">\n\t\t\t\t<div class=\"elementor-widget-container\">\n\t\t\t\t\t<nav aria-label=\"breadcrumbs\" class=\"rank-math-breadcrumb\"><p><span class=\"last\">Home<\/span><\/p><\/nav>\t\t\t\t<\/div>\n\t\t\t\t<\/div>\n\t\t\t\t\t<\/div>\n\t\t<\/div>\n\t\t\t\t\t<\/div>\n\t\t<\/section>\n\t\t\t\t<section class=\"elementor-section elementor-top-section elementor-element elementor-element-fceaecc elementor-section-boxed elementor-section-height-default elementor-section-height-default\" data-id=\"fceaecc\" data-element_type=\"section\" data-e-type=\"section\">\n\t\t\t\t\t\t<div class=\"elementor-container elementor-column-gap-wide\">\n\t\t\t\t\t<div class=\"elementor-column elementor-col-100 elementor-top-column elementor-element elementor-element-4e5159b\" data-id=\"4e5159b\" data-element_type=\"column\" data-e-type=\"column\">\n\t\t\t<div class=\"elementor-widget-wrap elementor-element-populated\">\n\t\t\t\t\t\t<div class=\"elementor-element elementor-element-9d65f44 elementor-widget elementor-widget-heading\" data-id=\"9d65f44\" data-element_type=\"widget\" data-e-type=\"widget\" data-widget_type=\"heading.default\">\n\t\t\t\t<div class=\"elementor-widget-container\">\n\t\t\t\t\t<h2 class=\"elementor-heading-title elementor-size-default\">PRIZES IN THE HALL OF THE YEAR ADVANCED COMPETITION<\/h2>\t\t\t\t<\/div>\n\t\t\t\t<\/div>\n\t\t\t\t\t<\/div>\n\t\t<\/div>\n\t\t\t\t\t<\/div>\n\t\t<\/section>\n\t\t\t\t<section class=\"elementor-section elementor-top-section elementor-element elementor-element-04dc74c elementor-section-boxed elementor-section-height-default elementor-section-height-default\" data-id=\"04dc74c\" data-element_type=\"section\" data-e-type=\"section\">\n\t\t\t\t\t\t<div class=\"elementor-container elementor-column-gap-wide\">\n\t\t\t\t\t<div class=\"elementor-column elementor-col-50 elementor-top-column elementor-element elementor-element-6fa2537b\" data-id=\"6fa2537b\" data-element_type=\"column\" data-e-type=\"column\">\n\t\t\t<div class=\"elementor-widget-wrap elementor-element-populated\">\n\t\t\t\t\t\t<div class=\"elementor-element elementor-element-35a02606 elementor-hidden-desktop elementor-hidden-tablet elementor-hidden-mobile elementor-widget elementor-widget-text-editor\" data-id=\"35a02606\" data-element_type=\"widget\" data-e-type=\"widget\" data-widget_type=\"text-editor.default\">\n\t\t\t\t<div class=\"elementor-widget-container\">\n\t\t\t\t\t<p><strong>Ceny pro ro\u010dn\u00edk 2024 teprve p\u0159ipravujeme<\/strong><\/p>\t\t\t\t<\/div>\n\t\t\t\t<\/div>\n\t\t\t\t<div class=\"elementor-element elementor-element-63adfb8 elementor-widget elementor-widget-text-editor\" data-id=\"63adfb8\" data-element_type=\"widget\" data-e-type=\"widget\" data-widget_type=\"text-editor.default\">\n\t\t\t\t<div class=\"elementor-widget-container\">\n\t\t\t\t\t<p>The teams ranking in the top three places will be awarded the following prizes:<\/p>\n<ol>\n<li><strong>Prize \u2013 25&nbsp;000 CZK<\/strong><\/li>\n<li><strong>Prize \u2013 10&nbsp;000 CZK<\/strong><\/li>\n<li><strong>Prize \u2013 5&nbsp;000 CZK<\/strong><\/li>\n<\/ol>\t\t\t\t<\/div>\n\t\t\t\t<\/div>\n\t\t\t\t<div class=\"elementor-element elementor-element-0444be5 elementor-widget elementor-widget-text-editor\" data-id=\"0444be5\" data-element_type=\"widget\" data-e-type=\"widget\" data-widget_type=\"text-editor.default\">\n\t\t\t\t<div class=\"elementor-widget-container\">\n\t\t\t\t\t<p>The payment of financial rewards is governed by the tax laws of the Czech Republic.<\/p>\t\t\t\t<\/div>\n\t\t\t\t<\/div>\n\t\t\t\t<div class=\"elementor-element elementor-element-72b324a elementor-widget elementor-widget-heading\" data-id=\"72b324a\" data-element_type=\"widget\" data-e-type=\"widget\" data-widget_type=\"heading.default\">\n\t\t\t\t<div class=\"elementor-widget-container\">\n\t\t\t\t\t<h3 class=\"elementor-heading-title elementor-size-default\">Competition partners\u2019 prizes \n<\/h3>\t\t\t\t<\/div>\n\t\t\t\t<\/div>\n\t\t\t\t<div class=\"elementor-element elementor-element-5d66d36 elementor-widget elementor-widget-text-editor\" data-id=\"5d66d36\" data-element_type=\"widget\" data-e-type=\"widget\" data-widget_type=\"text-editor.default\">\n\t\t\t\t<div class=\"elementor-widget-container\">\n\t\t\t\t\t<div id=\"ppu22820-8\" class=\"clearfix colelem\"><div id=\"pu22820-8\" class=\"clearfix grpelem\"><div id=\"u759-4\" class=\"clearfix colelem\" data-muse-uid=\"U759\" data-muse-type=\"txt_frame\" data-ibe-flags=\"txtStyleSrc\" data-sizepolicy=\"fixed\" data-pintopage=\"page_fluidx\"><p>The number of partner prizes is not specified. The type of prizes and their value are based on the decision of the competition partners and are not specified in advance. The prize is awarded by the competition partner at their own discretion.<\/p><\/div><\/div><\/div>\t\t\t\t<\/div>\n\t\t\t\t<\/div>\n\t\t\t\t<div class=\"elementor-element elementor-element-1f80ac6 elementor-widget elementor-widget-text-editor\" data-id=\"1f80ac6\" data-element_type=\"widget\" data-e-type=\"widget\" data-widget_type=\"text-editor.default\">\n\t\t\t\t<div class=\"elementor-widget-container\">\n\t\t\t\t\t<div id=\"ppu22820-8\" class=\"clearfix colelem\"><div id=\"pu22820-8\" class=\"clearfix grpelem\"><div id=\"u759-4\" class=\"clearfix colelem\" data-muse-uid=\"U759\" data-muse-type=\"txt_frame\" data-ibe-flags=\"txtStyleSrc\" data-sizepolicy=\"fixed\" data-pintopage=\"page_fluidx\"><p><a style=\"font-family: var( --e-global-typography-text-font-family ), Sans-serif; font-size: var( --e-global-typography-text-font-size ); font-weight: var( --e-global-typography-text-font-weight ); background-color: #ffffff;\" href=\"https:\/\/halarokuadvanced.fsv.cvut.cz\/en\/partners\/\">Competition partners<\/a><\/p><\/div><\/div><\/div><div id=\"u761-12\" class=\"clearfix colelem\" data-muse-uid=\"U761\" data-muse-type=\"txt_frame\" data-ibe-flags=\"txtStyleSrc\" data-sizepolicy=\"fixed\" data-pintopage=\"page_fluidx\"><p id=\"u761-8\">\u00a0<\/p><\/div>\t\t\t\t<\/div>\n\t\t\t\t<\/div>\n\t\t\t\t\t<\/div>\n\t\t<\/div>\n\t\t\t\t<div class=\"elementor-column elementor-col-50 elementor-top-column elementor-element elementor-element-10910564\" data-id=\"10910564\" data-element_type=\"column\" data-e-type=\"column\">\n\t\t\t<div class=\"elementor-widget-wrap elementor-element-populated\">\n\t\t\t\t\t\t<div class=\"elementor-element elementor-element-618f5a57 elementor-widget elementor-widget-image\" data-id=\"618f5a57\" data-element_type=\"widget\" data-e-type=\"widget\" data-widget_type=\"image.default\">\n\t\t\t\t<div class=\"elementor-widget-container\">\n\t\t\t\t\t<img fetchpriority=\"high\" decoding=\"async\" width=\"800\" height=\"533\" src=\"https:\/\/halarokuadvanced.fsv.cvut.cz\/wp-content\/uploads\/2022\/12\/hp-ceny-lq.jpg\" class=\"attachment-large size-large wp-image-838\" alt=\"\" srcset=\"https:\/\/halarokuadvanced.fsv.cvut.cz\/wp-content\/uploads\/2022\/12\/hp-ceny-lq.jpg 800w, https:\/\/halarokuadvanced.fsv.cvut.cz\/wp-content\/uploads\/2022\/12\/hp-ceny-lq-300x200.jpg 300w, https:\/\/halarokuadvanced.fsv.cvut.cz\/wp-content\/uploads\/2022\/12\/hp-ceny-lq-768x512.jpg 768w\" sizes=\"(max-width: 800px) 100vw, 800px\" \/>\t\t\t\t<\/div>\n\t\t\t\t<\/div>\n\t\t\t\t\t<\/div>\n\t\t<\/div>\n\t\t\t\t\t<\/div>\n\t\t<\/section>\n\t\t\t\t<\/div>","protected":false},"excerpt":{"rendered":"<p>PRIZES IN THE HALL OF THE YEAR ADVANCED COMPETITION Ceny pro ro\u010dn\u00edk 2024 teprve p\u0159ipravujeme The teams ranking in the top three places will be awarded the following prizes: Prize \u2013 25&nbsp;000 CZK Prize \u2013 10&nbsp;000 CZK Prize \u2013 5&nbsp;000 CZK The payment of financial rewards is governed by the tax laws of the Czech [&hellip;]<\/p>\n","protected":false},"author":3,"featured_media":0,"parent":0,"menu_order":0,"comment_status":"closed","ping_status":"closed","template":"","meta":{"footnotes":""},"class_list":["post-1515","page","type-page","status-publish","hentry"],"_links":{"self":[{"href":"https:\/\/halarokuadvanced.fsv.cvut.cz\/en\/wp-json\/wp\/v2\/pages\/1515","targetHints":{"allow":["GET"]}}],"collection":[{"href":"https:\/\/halarokuadvanced.fsv.cvut.cz\/en\/wp-json\/wp\/v2\/pages"}],"about":[{"href":"https:\/\/halarokuadvanced.fsv.cvut.cz\/en\/wp-json\/wp\/v2\/types\/page"}],"author":[{"embeddable":true,"href":"https:\/\/halarokuadvanced.fsv.cvut.cz\/en\/wp-json\/wp\/v2\/users\/3"}],"replies":[{"embeddable":true,"href":"https:\/\/halarokuadvanced.fsv.cvut.cz\/en\/wp-json\/wp\/v2\/comments?post=1515"}],"version-history":[{"count":5,"href":"https:\/\/halarokuadvanced.fsv.cvut.cz\/en\/wp-json\/wp\/v2\/pages\/1515\/revisions"}],"predecessor-version":[{"id":2171,"href":"https:\/\/halarokuadvanced.fsv.cvut.cz\/en\/wp-json\/wp\/v2\/pages\/1515\/revisions\/2171"}],"wp:attachment":[{"href":"https:\/\/halarokuadvanced.fsv.cvut.cz\/en\/wp-json\/wp\/v2\/media?parent=1515"}],"curies":[{"name":"wp","href":"https:\/\/api.w.org\/{rel}","templated":true}]}}